{"id":950,"date":"2024-07-15T17:10:36","date_gmt":"2024-07-15T15:10:36","guid":{"rendered":"https:\/\/www.coolenchina.com\/de\/?page_id=950"},"modified":"2024-11-05T14:57:41","modified_gmt":"2024-11-05T13:57:41","slug":"wissensartikel","status":"publish","type":"page","link":"https:\/\/www.coolenchina.com\/de\/wissensartikel\/","title":{"rendered":"Wissensartikel"},"content":{"rendered":"<section id=section-block-block_5e233cdb94e04f76affdccad3df60aa9 class=\"section query-overview-block post\" itemscope itemtype=\"http:\/\/schema.org\/WebPageElement\" itemprop=\"hasPart\"><div class=\"container\"><div class=\"block-row blocks-in-row-1\"><div class=\"block query-with-filter-block\"><div class=\"filter-wrapper filter-side\" data-order=\"desc\"\n                                    data-orderby=\"date\"\n                                    data-chosen-pt=\"post\"\n                                    data-chosen-cat=\"category\"\n                                    data-offset=\"0\"\n                                    data-posts-per-page=\"999\"><ul><li><button class=\"active-item\" data-slug=\"*\">All<\/button><\/li><li><button data-slug=\"cases\">Cases<\/button><\/li><li><button data-slug=\"nieuws\">Nieuws<\/button><\/li><li><button data-slug=\"uncategorized\">Uncategorized<\/button><\/li><\/ul><\/div><div class=\"collection-side\"><ul class=\"collection-wrapper\" itemscope itemtype=\"https:\/\/schema.org\/Collection\"><li class=\"list-item post\"><a href=\"https:\/\/www.coolenchina.com\/de\/beschaffungs-und-inspektionsagenturen-in-china\/\" class=\"part global-part post\" itemscope itemtype=\"https:\/\/schema.org\/Article\"><article><div class=\"inner-wrapper\"><div class=\"thumb\"><meta content=\"https:\/\/www.coolenchina.com\/de\/wp-content\/uploads\/sites\/3\/2022\/05\/Beschaffungs-und-Inspektionagenturen-China-560x330.jpeg\" itemprop=\"image\"><img loading=\"lazy\" decoding=\"async\" width=\"560\" height=\"330\" src=\"https:\/\/www.coolenchina.com\/de\/wp-content\/uploads\/sites\/3\/2022\/05\/Beschaffungs-und-Inspektionagenturen-China-560x330.jpeg\" class=\"attachment-landscape size-landscape wp-post-image\" alt=\"\" \/><\/div><h3 class=\"part-title\" itemprop=\"headline\">Beschaffungs- und Inspektionsagenturen in China<\/h3><div class=\"content-preview\">Westliche Firmen und Unternehmer, die Produkte aus China importieren, sollen sich w\u00e4hrend des Kaufprozesses mit chinesischen Beschaffungs- und Inspektionsagenturen immer gut informieren.\u00a0 In die&#8230;<\/div><span itemprop=\"url\" href=\"https:\/\/www.coolenchina.com\/de\/beschaffungs-und-inspektionsagenturen-in-china\/\" class=\"button text\">Lees artikel<\/span><\/div><\/article><meta content=\"03\/05\/2022\" itemprop=\"datePublished\"><meta content=\"20\/11\/2024\" itemprop=\"dateModified\"><meta content=\"admin\" itemprop=\"author\"><div class=\"meta-tag-wrapper\" itemprop=\"publisher\" itemscope itemtype=\"https:\/\/schema.org\/Organization\"><meta content=\"Coolen China | DE\" itemprop=\"name\"><div itemprop=\"logo\" itemscope itemtype=\"https:\/\/schema.org\/ImageObject\"><meta itemprop=\"url\" content=\"https:\/\/www.coolenchina.com\/de\/wp-content\/themes\/coolenchina\/assets\/dist\/images\/logo.svg\"><\/div><\/div><\/a><\/li><li class=\"list-item post\"><a href=\"https:\/\/www.coolenchina.com\/de\/dropshipping-aus-china-ueberpruefen-sie-vorab-die-risiken\/\" class=\"part global-part post\" itemscope itemtype=\"https:\/\/schema.org\/Article\"><article><div class=\"inner-wrapper\"><div class=\"thumb\"><meta content=\"https:\/\/www.coolenchina.com\/de\/wp-content\/uploads\/sites\/3\/2020\/07\/image2-32-1-560x330.jpeg\" itemprop=\"image\"><img loading=\"lazy\" decoding=\"async\" width=\"560\" height=\"330\" src=\"https:\/\/www.coolenchina.com\/de\/wp-content\/uploads\/sites\/3\/2020\/07\/image2-32-1-560x330.jpeg\" class=\"attachment-landscape size-landscape wp-post-image\" alt=\"Dropshipping aus China? \u00dcberpr\u00fcfen Sie vorab die Risiken\" \/><\/div><h3 class=\"part-title\" itemprop=\"headline\">Dropshipping aus China? \u00dcberpr\u00fcfen Sie vorab die Risiken<\/h3><div class=\"content-preview\">In den letzten Jahren haben immer mehr selbst\u00e4ndige Unternehmer angefangen mit Dropshipping aus China. Der aktuelle E-Commerce-Markt bietet heutzutage eine Vielzahl interessanter Optionen. Auf di&#8230;<\/div><span itemprop=\"url\" href=\"https:\/\/www.coolenchina.com\/de\/dropshipping-aus-china-ueberpruefen-sie-vorab-die-risiken\/\" class=\"button text\">Lees artikel<\/span><\/div><\/article><meta content=\"29\/07\/2020\" itemprop=\"datePublished\"><meta content=\"20\/11\/2024\" itemprop=\"dateModified\"><meta content=\"admin\" itemprop=\"author\"><div class=\"meta-tag-wrapper\" itemprop=\"publisher\" itemscope itemtype=\"https:\/\/schema.org\/Organization\"><meta content=\"Coolen China | DE\" itemprop=\"name\"><div itemprop=\"logo\" itemscope itemtype=\"https:\/\/schema.org\/ImageObject\"><meta itemprop=\"url\" content=\"https:\/\/www.coolenchina.com\/de\/wp-content\/themes\/coolenchina\/assets\/dist\/images\/logo.svg\"><\/div><\/div><\/a><\/li><li class=\"list-item post\"><a href=\"https:\/\/www.coolenchina.com\/de\/met-een-bezoek-aan-pandasia\/\" class=\"part global-part post\" itemscope itemtype=\"https:\/\/schema.org\/Article\"><article><div class=\"inner-wrapper\"><div class=\"thumb\"><meta content=\"https:\/\/www.coolenchina.com\/de\/wp-content\/uploads\/sites\/3\/2018\/04\/biz1-560x330.png\" itemprop=\"image\"><img loading=\"lazy\" decoding=\"async\" width=\"560\" height=\"330\" src=\"https:\/\/www.coolenchina.com\/de\/wp-content\/uploads\/sites\/3\/2018\/04\/biz1-560x330.png\" class=\"attachment-landscape size-landscape wp-post-image\" alt=\"\" \/><\/div><h3 class=\"part-title\" itemprop=\"headline\">Met een bezoek aan Pandasia<\/h3><div class=\"content-preview\">Op 28 Juni organiseert de BIZ een unieke bijeenkomst Weet u hoe Pandasia is ontstaan? Ondernemen in China vraagt om een compleet andere aanpak dan je in Nederland gewend bent. U krijgt te maken me&#8230;<\/div><span itemprop=\"url\" href=\"https:\/\/www.coolenchina.com\/de\/met-een-bezoek-aan-pandasia\/\" class=\"button text\">Lees artikel<\/span><\/div><\/article><meta content=\"24\/05\/2018\" itemprop=\"datePublished\"><meta content=\"20\/11\/2024\" itemprop=\"dateModified\"><meta content=\"admin\" itemprop=\"author\"><div class=\"meta-tag-wrapper\" itemprop=\"publisher\" itemscope itemtype=\"https:\/\/schema.org\/Organization\"><meta content=\"Coolen China | DE\" itemprop=\"name\"><div itemprop=\"logo\" itemscope itemtype=\"https:\/\/schema.org\/ImageObject\"><meta itemprop=\"url\" content=\"https:\/\/www.coolenchina.com\/de\/wp-content\/themes\/coolenchina\/assets\/dist\/images\/logo.svg\"><\/div><\/div><\/a><\/li><\/ul><\/div><\/div><\/div><\/div><\/section>","protected":false},"excerpt":{"rendered":"","protected":false},"author":1,"featured_media":0,"parent":0,"menu_order":300,"comment_status":"closed","ping_status":"closed","template":"","meta":{"_acf_changed":false,"footnotes":""},"acf":[],"yoast_head":"<!-- This site is optimized with the Yoast SEO plugin v24.5 - https:\/\/yoast.com\/wordpress\/plugins\/seo\/ -->\n<title>Wissensartikel - Coolen China | DE - Praktische Tipps und Einblicke von Coolen China<\/title>\n<meta name=\"description\" content=\"Praktische Tipps und Einblicke f\u00fcr die Beschaffung und den Einkauf in China. Beschaffungsprozesse, Qualit\u00e4tspr\u00fcfungen oder die Suche nach neuen Fabriken.\" \/>\n<meta name=\"robots\" content=\"index, follow, max-snippet:-1, max-image-preview:large, max-video-preview:-1\" \/>\n<link rel=\"canonical\" href=\"https:\/\/www.coolenchina.com\/de\/wissensartikel\/\" \/>\n<meta property=\"og:locale\" content=\"de_DE\" \/>\n<meta property=\"og:type\" content=\"article\" \/>\n<meta property=\"og:title\" content=\"Wissensartikel - Coolen China | DE - Praktische Tipps und Einblicke von Coolen China\" \/>\n<meta property=\"og:description\" content=\"Praktische Tipps und Einblicke f\u00fcr die Beschaffung und den Einkauf in China. Beschaffungsprozesse, Qualit\u00e4tspr\u00fcfungen oder die Suche nach neuen Fabriken.\" \/>\n<meta property=\"og:url\" content=\"https:\/\/www.coolenchina.com\/de\/wissensartikel\/\" \/>\n<meta property=\"og:site_name\" content=\"Coolen China | DE\" \/>\n<meta property=\"article:modified_time\" content=\"2024-11-05T13:57:41+00:00\" \/>\n<meta name=\"twitter:card\" content=\"summary_large_image\" \/>\n<meta name=\"twitter:label1\" content=\"Est. reading time\" \/>\n\t<meta name=\"twitter:data1\" content=\"1 Minute\" \/>\n<script type=\"application\/ld+json\" class=\"yoast-schema-graph\">{\"@context\":\"https:\/\/schema.org\",\"@graph\":[{\"@type\":\"WebPage\",\"@id\":\"https:\/\/www.coolenchina.com\/de\/wissensartikel\/\",\"url\":\"https:\/\/www.coolenchina.com\/de\/wissensartikel\/\",\"name\":\"Wissensartikel - Coolen China | DE - Praktische Tipps und Einblicke von Coolen China\",\"isPartOf\":{\"@id\":\"https:\/\/www.coolenchina.com\/de\/#website\"},\"datePublished\":\"2024-07-15T15:10:36+00:00\",\"dateModified\":\"2024-11-05T13:57:41+00:00\",\"description\":\"Praktische Tipps und Einblicke f\u00fcr die Beschaffung und den Einkauf in China. Beschaffungsprozesse, Qualit\u00e4tspr\u00fcfungen oder die Suche nach neuen Fabriken.\",\"breadcrumb\":{\"@id\":\"https:\/\/www.coolenchina.com\/de\/wissensartikel\/#breadcrumb\"},\"inLanguage\":\"de-DE\",\"potentialAction\":[{\"@type\":\"ReadAction\",\"target\":[\"https:\/\/www.coolenchina.com\/de\/wissensartikel\/\"]}]},{\"@type\":\"BreadcrumbList\",\"@id\":\"https:\/\/www.coolenchina.com\/de\/wissensartikel\/#breadcrumb\",\"itemListElement\":[{\"@type\":\"ListItem\",\"position\":1,\"name\":\"Home\",\"item\":\"https:\/\/www.coolenchina.com\/de\/\"},{\"@type\":\"ListItem\",\"position\":2,\"name\":\"Wissensartikel\"}]},{\"@type\":\"WebSite\",\"@id\":\"https:\/\/www.coolenchina.com\/de\/#website\",\"url\":\"https:\/\/www.coolenchina.com\/de\/\",\"name\":\"Coolen China | DE\",\"description\":\"Wij wijzen je de weg naar succes!\",\"potentialAction\":[{\"@type\":\"SearchAction\",\"target\":{\"@type\":\"EntryPoint\",\"urlTemplate\":\"https:\/\/www.coolenchina.com\/de\/?s={search_term_string}\"},\"query-input\":{\"@type\":\"PropertyValueSpecification\",\"valueRequired\":true,\"valueName\":\"search_term_string\"}}],\"inLanguage\":\"de-DE\"}]}<\/script>\n<!-- \/ Yoast SEO plugin. -->","yoast_head_json":{"title":"Wissensartikel - Coolen China | DE - Praktische Tipps und Einblicke von Coolen China","description":"Praktische Tipps und Einblicke f\u00fcr die Beschaffung und den Einkauf in China. Beschaffungsprozesse, Qualit\u00e4tspr\u00fcfungen oder die Suche nach neuen Fabriken.","robots":{"index":"index","follow":"follow","max-snippet":"max-snippet:-1","max-image-preview":"max-image-preview:large","max-video-preview":"max-video-preview:-1"},"canonical":"https:\/\/www.coolenchina.com\/de\/wissensartikel\/","og_locale":"de_DE","og_type":"article","og_title":"Wissensartikel - Coolen China | DE - Praktische Tipps und Einblicke von Coolen China","og_description":"Praktische Tipps und Einblicke f\u00fcr die Beschaffung und den Einkauf in China. Beschaffungsprozesse, Qualit\u00e4tspr\u00fcfungen oder die Suche nach neuen Fabriken.","og_url":"https:\/\/www.coolenchina.com\/de\/wissensartikel\/","og_site_name":"Coolen China | DE","article_modified_time":"2024-11-05T13:57:41+00:00","twitter_card":"summary_large_image","twitter_misc":{"Est. reading time":"1 Minute"},"schema":{"@context":"https:\/\/schema.org","@graph":[{"@type":"WebPage","@id":"https:\/\/www.coolenchina.com\/de\/wissensartikel\/","url":"https:\/\/www.coolenchina.com\/de\/wissensartikel\/","name":"Wissensartikel - Coolen China | DE - Praktische Tipps und Einblicke von Coolen China","isPartOf":{"@id":"https:\/\/www.coolenchina.com\/de\/#website"},"datePublished":"2024-07-15T15:10:36+00:00","dateModified":"2024-11-05T13:57:41+00:00","description":"Praktische Tipps und Einblicke f\u00fcr die Beschaffung und den Einkauf in China. Beschaffungsprozesse, Qualit\u00e4tspr\u00fcfungen oder die Suche nach neuen Fabriken.","breadcrumb":{"@id":"https:\/\/www.coolenchina.com\/de\/wissensartikel\/#breadcrumb"},"inLanguage":"de-DE","potentialAction":[{"@type":"ReadAction","target":["https:\/\/www.coolenchina.com\/de\/wissensartikel\/"]}]},{"@type":"BreadcrumbList","@id":"https:\/\/www.coolenchina.com\/de\/wissensartikel\/#breadcrumb","itemListElement":[{"@type":"ListItem","position":1,"name":"Home","item":"https:\/\/www.coolenchina.com\/de\/"},{"@type":"ListItem","position":2,"name":"Wissensartikel"}]},{"@type":"WebSite","@id":"https:\/\/www.coolenchina.com\/de\/#website","url":"https:\/\/www.coolenchina.com\/de\/","name":"Coolen China | DE","description":"Wij wijzen je de weg naar succes!","potentialAction":[{"@type":"SearchAction","target":{"@type":"EntryPoint","urlTemplate":"https:\/\/www.coolenchina.com\/de\/?s={search_term_string}"},"query-input":{"@type":"PropertyValueSpecification","valueRequired":true,"valueName":"search_term_string"}}],"inLanguage":"de-DE"}]}},"_links":{"self":[{"href":"https:\/\/www.coolenchina.com\/de\/wp-json\/wp\/v2\/pages\/950"}],"collection":[{"href":"https:\/\/www.coolenchina.com\/de\/wp-json\/wp\/v2\/pages"}],"about":[{"href":"https:\/\/www.coolenchina.com\/de\/wp-json\/wp\/v2\/types\/page"}],"author":[{"embeddable":true,"href":"https:\/\/www.coolenchina.com\/de\/wp-json\/wp\/v2\/users\/1"}],"replies":[{"embeddable":true,"href":"https:\/\/www.coolenchina.com\/de\/wp-json\/wp\/v2\/comments?post=950"}],"version-history":[{"count":3,"href":"https:\/\/www.coolenchina.com\/de\/wp-json\/wp\/v2\/pages\/950\/revisions"}],"predecessor-version":[{"id":1326,"href":"https:\/\/www.coolenchina.com\/de\/wp-json\/wp\/v2\/pages\/950\/revisions\/1326"}],"wp:attachment":[{"href":"https:\/\/www.coolenchina.com\/de\/wp-json\/wp\/v2\/media?parent=950"}],"curies":[{"name":"wp","href":"https:\/\/api.w.org\/{rel}","templated":true}]}}